{"id":797,"date":"2013-06-16T13:13:37","date_gmt":"2013-06-16T13:13:37","guid":{"rendered":"http:\/\/localhost\/wordpress\/?page_id=797"},"modified":"2014-11-03T20:37:35","modified_gmt":"2014-11-03T19:37:35","slug":"turismo-religioso","status":"publish","type":"page","link":"https:\/\/www.novotur.com\/?page_id=797","title":{"rendered":"Turismo Religioso"},"content":{"rendered":"<p style=\"text-align: justify;\">Navarra por tradici\u00f3n y por historia es una tierra de grandes monasterios y peque\u00f1as ermitas, de recoletos santuarios marianos y grandes catedrales, de iglesias fortaleza y bas\u00edlicas. Una tradici\u00f3n que ha marcado a un pueblo. Visitar las catedrales de Pamplona y Tudela, las ermitas de Santa Maria de Eunate y Arnotegi, el santuario de Javier, las bas\u00edlicas de San Ignacio y San Gregorio Ostiense o los monasterios de Leire, La Oliva y Fitero donde los monjes cantan en gregoriano puede ser otra forma de conocer esta tierra.<\/p>\n","protected":false},"excerpt":{"rendered":"<p>Navarra por tradici\u00f3n y por historia es una tierra de grandes monasterios y peque\u00f1as ermitas, de recoletos santuarios marianos y grandes catedrales, de iglesias fortaleza y bas\u00edlicas. Una tradici\u00f3n que ha marcado a un pueblo. Visitar las catedrales de Pamplona y Tudela, las ermitas de Santa Maria de Eunate y Arnotegi, el santuario de Javier, [&hellip;]<\/p>\n","protected":false},"author":2,"featured_media":1069,"parent":790,"menu_order":0,"comment_status":"open","ping_status":"open","template":"","meta":{"footnotes":""},"class_list":["post-797","page","type-page","status-publish","has-post-thumbnail","hentry"],"_links":{"self":[{"href":"https:\/\/www.novotur.com\/index.php?rest_route=\/wp\/v2\/pages\/797"}],"collection":[{"href":"https:\/\/www.novotur.com\/index.php?rest_route=\/wp\/v2\/pages"}],"about":[{"href":"https:\/\/www.novotur.com\/index.php?rest_route=\/wp\/v2\/types\/page"}],"author":[{"embeddable":true,"href":"https:\/\/www.novotur.com\/index.php?rest_route=\/wp\/v2\/users\/2"}],"replies":[{"embeddable":true,"href":"https:\/\/www.novotur.com\/index.php?rest_route=%2Fwp%2Fv2%2Fcomments&post=797"}],"version-history":[{"count":1,"href":"https:\/\/www.novotur.com\/index.php?rest_route=\/wp\/v2\/pages\/797\/revisions"}],"predecessor-version":[{"id":1070,"href":"https:\/\/www.novotur.com\/index.php?rest_route=\/wp\/v2\/pages\/797\/revisions\/1070"}],"up":[{"embeddable":true,"href":"https:\/\/www.novotur.com\/index.php?rest_route=\/wp\/v2\/pages\/790"}],"wp:featuredmedia":[{"embeddable":true,"href":"https:\/\/www.novotur.com\/index.php?rest_route=\/wp\/v2\/media\/1069"}],"wp:attachment":[{"href":"https:\/\/www.novotur.com\/index.php?rest_route=%2Fwp%2Fv2%2Fmedia&parent=797"}],"curies":[{"name":"wp","href":"https:\/\/api.w.org\/{rel}","templated":true}]}}