{"id":794,"date":"2013-06-16T13:08:50","date_gmt":"2013-06-16T13:08:50","guid":{"rendered":"http:\/\/localhost\/wordpress\/?page_id=794"},"modified":"2014-11-03T20:37:45","modified_gmt":"2014-11-03T19:37:45","slug":"valles-pirenaicos","status":"publish","type":"page","link":"https:\/\/www.novotur.com\/?page_id=794","title":{"rendered":"Valles Pirenaicos"},"content":{"rendered":"<p>En el Norte de Navarra, frontera natural con Francia frondosos bosques y picos agrestes constituyen uno de los paisajes mas bellos de nuestra tierra.<\/p>\n<p>Navarra es naturaleza en estado puro peor tambi\u00e9n tradiciones y oficios. Desde los valles de Roncal y Salazar, el Bosque de Iraty, la placidezde los valles de Bazt\u00e1n y Ultzama y las sierras de Aralar y Andia hasta las alamdias, los carnavales, la brujer\u00eda, la elaboraci\u00f3n del queso de oveja nos dejan un recuerdo imborrable<\/p>\n","protected":false},"excerpt":{"rendered":"<p>En el Norte de Navarra, frontera natural con Francia frondosos bosques y picos agrestes constituyen uno de los paisajes mas bellos de nuestra tierra. Navarra es naturaleza en estado puro peor tambi\u00e9n tradiciones y oficios. Desde los valles de Roncal y Salazar, el Bosque de Iraty, la placidezde los valles de Bazt\u00e1n y Ultzama y [&hellip;]<\/p>\n","protected":false},"author":2,"featured_media":1071,"parent":790,"menu_order":0,"comment_status":"open","ping_status":"open","template":"","meta":{"footnotes":""},"class_list":["post-794","page","type-page","status-publish","has-post-thumbnail","hentry"],"_links":{"self":[{"href":"https:\/\/www.novotur.com\/index.php?rest_route=\/wp\/v2\/pages\/794"}],"collection":[{"href":"https:\/\/www.novotur.com\/index.php?rest_route=\/wp\/v2\/pages"}],"about":[{"href":"https:\/\/www.novotur.com\/index.php?rest_route=\/wp\/v2\/types\/page"}],"author":[{"embeddable":true,"href":"https:\/\/www.novotur.com\/index.php?rest_route=\/wp\/v2\/users\/2"}],"replies":[{"embeddable":true,"href":"https:\/\/www.novotur.com\/index.php?rest_route=%2Fwp%2Fv2%2Fcomments&post=794"}],"version-history":[{"count":4,"href":"https:\/\/www.novotur.com\/index.php?rest_route=\/wp\/v2\/pages\/794\/revisions"}],"predecessor-version":[{"id":1142,"href":"https:\/\/www.novotur.com\/index.php?rest_route=\/wp\/v2\/pages\/794\/revisions\/1142"}],"up":[{"embeddable":true,"href":"https:\/\/www.novotur.com\/index.php?rest_route=\/wp\/v2\/pages\/790"}],"wp:featuredmedia":[{"embeddable":true,"href":"https:\/\/www.novotur.com\/index.php?rest_route=\/wp\/v2\/media\/1071"}],"wp:attachment":[{"href":"https:\/\/www.novotur.com\/index.php?rest_route=%2Fwp%2Fv2%2Fmedia&parent=794"}],"curies":[{"name":"wp","href":"https:\/\/api.w.org\/{rel}","templated":true}]}}