{"id":1257,"date":"2015-01-07T12:55:18","date_gmt":"2015-01-07T11:55:18","guid":{"rendered":"http:\/\/www.novotur.com\/?page_id=1257"},"modified":"2015-01-20T03:48:23","modified_gmt":"2015-01-20T02:48:23","slug":"media-jornada-pamplona-con-catedral","status":"publish","type":"page","link":"https:\/\/www.novotur.com\/?page_id=1257","title":{"rendered":"Media jornada Pamplona con catedral"},"content":{"rendered":"<p style=\"text-align: justify;\">En Primer lugar, antes de comenzar la visita a pie, opcionalmente podemos realizar una panor\u00e1mica en bus, que nos llevara a descubrir la parte m\u00e1s moderna de la capital navarra, sus barrios, parques y universidades.<\/p>\n<p style=\"text-align: justify;\">Durante nuestra visita a la capital Navarra, recorreremos a pie los principales lugares hist\u00f3ricos y monumentos de la ciudad.<\/p>\n<p style=\"text-align: justify;\">Nuestra visitara comenzara en la Plaza del Ayuntamiento, probablemente el lugar de pamplona m\u00e1s conocido en el mundo, por ser aqu\u00ed donde comienzan y terminan nuestras fiestas de San Ferm\u00edn.<\/p>\n<p style=\"text-align: justify;\">Continuaremos nuestra visita en la Iglesia de San Saturnino, patr\u00f3n de Navarra,\u00a0 y como descubriremos con nuestro gu\u00eda, un enclave importante en la historia de nuestra ciudad.<\/p>\n<p style=\"text-align: justify;\">As\u00ed mismo, seguiremos el camino que llevan los toros durante el encierro, y descubriremos cu\u00e1les son sus puntos clave, sus tradiciones y sus or\u00edgenes.<\/p>\n<p style=\"text-align: justify;\">En nuestra visita, descubriremos la Catedral de Santa\u00a0 Maira la Real, una joya g\u00f3tica resguardada tras su fachada neocl\u00e1sica obra de Ventura Rodr\u00edguez, donde adem\u00e1s de la iglesia, podremos recorrer el claustro, la concina el refectorio etc\u2026<\/p>\n<p style=\"text-align: justify;\">Durante nuestra visita de aprox dos horas y media de duraci\u00f3n, conoceremos los or\u00edgenes, y como se ha desarrollado la Capital Navarra desde la \u00e9poca de los romanos hasta nuestros d\u00edas, veremos la evoluci\u00f3n que ha sufrido sus calles, sus tradiciones y sus fiestas acompa\u00f1ados por un gu\u00eda local.<\/p>\n<p style=\"text-align: justify;\">Para mas informacion dirijase a francisco@novotur.com<\/p>\n","protected":false},"excerpt":{"rendered":"<p>En Primer lugar, antes de comenzar la visita a pie, opcionalmente podemos realizar una panor\u00e1mica en bus, que nos llevara a descubrir la parte m\u00e1s moderna de la capital navarra, sus barrios, parques y universidades. Durante nuestra visita a la capital Navarra, recorreremos a pie los principales lugares hist\u00f3ricos y monumentos de la ciudad. Nuestra [&hellip;]<\/p>\n","protected":false},"author":1,"featured_media":0,"parent":1230,"menu_order":0,"comment_status":"closed","ping_status":"closed","template":"","meta":{"footnotes":""},"class_list":["post-1257","page","type-page","status-publish","hentry"],"_links":{"self":[{"href":"https:\/\/www.novotur.com\/index.php?rest_route=\/wp\/v2\/pages\/1257"}],"collection":[{"href":"https:\/\/www.novotur.com\/index.php?rest_route=\/wp\/v2\/pages"}],"about":[{"href":"https:\/\/www.novotur.com\/index.php?rest_route=\/wp\/v2\/types\/page"}],"author":[{"embeddable":true,"href":"https:\/\/www.novotur.com\/index.php?rest_route=\/wp\/v2\/users\/1"}],"replies":[{"embeddable":true,"href":"https:\/\/www.novotur.com\/index.php?rest_route=%2Fwp%2Fv2%2Fcomments&post=1257"}],"version-history":[{"count":3,"href":"https:\/\/www.novotur.com\/index.php?rest_route=\/wp\/v2\/pages\/1257\/revisions"}],"predecessor-version":[{"id":1412,"href":"https:\/\/www.novotur.com\/index.php?rest_route=\/wp\/v2\/pages\/1257\/revisions\/1412"}],"up":[{"embeddable":true,"href":"https:\/\/www.novotur.com\/index.php?rest_route=\/wp\/v2\/pages\/1230"}],"wp:attachment":[{"href":"https:\/\/www.novotur.com\/index.php?rest_route=%2Fwp%2Fv2%2Fmedia&parent=1257"}],"curies":[{"name":"wp","href":"https:\/\/api.w.org\/{rel}","templated":true}]}}