{"id":1255,"date":"2015-01-07T12:54:49","date_gmt":"2015-01-07T11:54:49","guid":{"rendered":"http:\/\/www.novotur.com\/?page_id=1255"},"modified":"2015-01-20T03:43:26","modified_gmt":"2015-01-20T02:43:26","slug":"media-jornada-olite","status":"publish","type":"page","link":"https:\/\/www.novotur.com\/?page_id=1255","title":{"rendered":"Media jornada Olite &#8211; Visita a Bodega"},"content":{"rendered":"<p style=\"text-align: justify;\">Salida en direcci\u00f3n a la capital del vino de Navarra, es aqu\u00ed, en la peque\u00f1a ciudad de Olite, donde encontramos la sede de la Denominaci\u00f3n de Origen del vino Navarro.<\/p>\n<p style=\"text-align: justify;\">Olite con su clima mediterr\u00e1neo, con temperaturas en verano c\u00e1lidas y templadas en inviernos, y con escasas lluvias, as\u00ed como las caracter\u00edsticas de su terru\u00f1o, da lugar a los mejores caldos de Navarra.<\/p>\n<p style=\"text-align: justify;\">Conforme nos acercamos a esta ciudad medieval, distinguimos la esbelta silueta del Palacio Real, con sus palaciegas torres coronados con tejados de pizarra, nos avanza lo que vamos a descubrir en nuestra visita.<\/p>\n<p style=\"text-align: justify;\">Olite, sede real durante el reinado de Carlos III el Noble, alcanza su m\u00e1ximo esplendor, cuando este rey manda construir el Palacio Real de Olite, seg\u00fan un viajero alem\u00e1n del siglo XV dejo escrito que no hab\u00eda palacio tan lujoso en toda Europa.<\/p>\n<p style=\"text-align: justify;\">En Nuestra visita recorreremos las estancias de este caprichoso palacio, los salones, galer\u00edas, jardines y torres.<\/p>\n<p style=\"text-align: justify;\">Continuaremos nuestra visita, acerc\u00e1ndonos a una de las bodegas de Olite, acompa\u00f1ados por un experto, conoceremos los procesos de elaboraci\u00f3n del vino, y podremos degustar alguno de estos sabrosos caldos que dan fama a la localidad de Olite.<\/p>\n<p style=\"text-align: justify;\">Tras nuestra visita a Olite, nos acercaremos a uno de los centros de devoci\u00f3n mariana m\u00e1s importantes de Navarra, Ujue, donde visitaremos el Santuario Fortaleza de Santa Mar\u00eda de Ujue, uno de los hitos defensivos del Reyno de Navarra, por su enclave sobre una colina, desde donde se puede divisar la llegada de los enemigos del reino a muchos kil\u00f3metros de distancia.<\/p>\n<p style=\"text-align: justify;\">Ujue, alcanz\u00f3 su m\u00e1ximo esplendor, gracias a Carlos II el Malo, padre de Carlos III el Noble, tal era su amor por este lugar y su devoci\u00f3n por Santa Mar\u00eda de Ujue que ordeno que su coraz\u00f3n descansara en este santuario tras su muerte.<\/p>\n<p style=\"text-align: justify;\">Antes de regresar, aconsejamos una breve parada para tomar fuerzas para el camino de regreso y poder degustar de uno de los platos gastron\u00f3micos m\u00e1s importantes de esta zona, las migas de Pastor, ya que aqu\u00ed conocen el secreto para elaborar este sencillo pero a la vez gustoso plato.<\/p>\n<p style=\"text-align: justify;\">Regreso al hotel.<\/p>\n<p>Para mas informacion dirijase a francisco@novotur.com<\/p>\n","protected":false},"excerpt":{"rendered":"<p>Salida en direcci\u00f3n a la capital del vino de Navarra, es aqu\u00ed, en la peque\u00f1a ciudad de Olite, donde encontramos la sede de la Denominaci\u00f3n de Origen del vino Navarro. Olite con su clima mediterr\u00e1neo, con temperaturas en verano c\u00e1lidas y templadas en inviernos, y con escasas lluvias, as\u00ed como las caracter\u00edsticas de su terru\u00f1o, [&hellip;]<\/p>\n","protected":false},"author":1,"featured_media":0,"parent":1230,"menu_order":0,"comment_status":"closed","ping_status":"closed","template":"","meta":{"footnotes":""},"class_list":["post-1255","page","type-page","status-publish","hentry"],"_links":{"self":[{"href":"https:\/\/www.novotur.com\/index.php?rest_route=\/wp\/v2\/pages\/1255"}],"collection":[{"href":"https:\/\/www.novotur.com\/index.php?rest_route=\/wp\/v2\/pages"}],"about":[{"href":"https:\/\/www.novotur.com\/index.php?rest_route=\/wp\/v2\/types\/page"}],"author":[{"embeddable":true,"href":"https:\/\/www.novotur.com\/index.php?rest_route=\/wp\/v2\/users\/1"}],"replies":[{"embeddable":true,"href":"https:\/\/www.novotur.com\/index.php?rest_route=%2Fwp%2Fv2%2Fcomments&post=1255"}],"version-history":[{"count":2,"href":"https:\/\/www.novotur.com\/index.php?rest_route=\/wp\/v2\/pages\/1255\/revisions"}],"predecessor-version":[{"id":1337,"href":"https:\/\/www.novotur.com\/index.php?rest_route=\/wp\/v2\/pages\/1255\/revisions\/1337"}],"up":[{"embeddable":true,"href":"https:\/\/www.novotur.com\/index.php?rest_route=\/wp\/v2\/pages\/1230"}],"wp:attachment":[{"href":"https:\/\/www.novotur.com\/index.php?rest_route=%2Fwp%2Fv2%2Fmedia&parent=1255"}],"curies":[{"name":"wp","href":"https:\/\/api.w.org\/{rel}","templated":true}]}}