{"id":1253,"date":"2015-01-07T12:54:29","date_gmt":"2015-01-07T11:54:29","guid":{"rendered":"http:\/\/www.novotur.com\/?page_id=1253"},"modified":"2015-01-20T03:42:37","modified_gmt":"2015-01-20T02:42:37","slug":"media-jornada-javier-y-leyre","status":"publish","type":"page","link":"https:\/\/www.novotur.com\/?page_id=1253","title":{"rendered":"Media jornada Javier y Leyre"},"content":{"rendered":"<p style=\"text-align: justify;\">Salida desde Pamplona, en direcci\u00f3n a la Casa Natal de nuestro Patr\u00f3n, San Francisco de Javier.<\/p>\n<p style=\"text-align: justify;\">Durante nuestro viaje en autocar, recorreremos la misma ruta que cada a\u00f1o recorren los peregrinos que acuden a Javier durante las peregrinaciones conocidas como las Javieradas.<\/p>\n<p style=\"text-align: justify;\">Cada a\u00f1o, los navarros acuden desde sus hogares en peregrinaci\u00f3n a la casa del santo, para pedirle ayuda o debido a promesas realizadas con anterioridad, conoceremos el porqu\u00e9 de esta peregrinaci\u00f3n.<\/p>\n<p style=\"text-align: justify;\">A nuestra llegada a Javier, visitaremos el Castillo de Javier, Casa natal de nuestro patr\u00f3n, recorreremos las estancias que vieron nacer y crecer a San Francisco de Javier, y conoceremos la historia de su vida.<\/p>\n<p style=\"text-align: justify;\">Tras la visita al Castillo, nos dirigiremos hacia el Monasterio de San Salvador de Leyre, uno de los lugares m\u00e1s importantes de nuestra comunidad.<\/p>\n<p style=\"text-align: justify;\">El Monasterio de Leyre, Pilar fundamental de la historia del Reyno de Navarra, aparece documentado por primera vez en el siglo IX, aunque bien podr\u00eda contar con una historia anterior a esta fecha. Sepulcro real de los primeros Reyes del Pamplona, acoge una de las joyas del rom\u00e1nico en Navarra, La cripta de Leyre, su construcci\u00f3n se finaliz\u00f3 a principios del siglo XI, y a lo largo de sus diez siglos de historia a tenido diferentes usos, ha sido almacen, albergue para peregrinos y viajes, resguardo para pastores y sus ganados, aunque su verdadera utilidad la descubriremos acompa\u00f1ados por nuestro gu\u00eda, recorriendo el bosque de columnas y capiteles.<\/p>\n<p style=\"text-align: justify;\">Durante nuestra visita, nos adentraremos en la historia de la construcci\u00f3n de la Cripta de Leyre, y conoceremos las leyendas que rodean a este monasterio, situado en la frontera del Reyno de Navarra, donde los monjes, adem\u00e1s de sus labores habituales, ejerc\u00edan tambi\u00e9n como defensores de los l\u00edmites del Reyno, y descubriremos, como en el siglo XXI, los monjes que hoy la habitan siguen con sus labores alejados del bullicio mundano aislados de la sociedad consumista en la que nos hallamos inmersos.<\/p>\n<p style=\"text-align: justify;\">Regreso al lugar de origen.<\/p>\n<p>Para mas informacion dirijase a francisco@novotur.com<\/p>\n","protected":false},"excerpt":{"rendered":"<p>Salida desde Pamplona, en direcci\u00f3n a la Casa Natal de nuestro Patr\u00f3n, San Francisco de Javier. Durante nuestro viaje en autocar, recorreremos la misma ruta que cada a\u00f1o recorren los peregrinos que acuden a Javier durante las peregrinaciones conocidas como las Javieradas. Cada a\u00f1o, los navarros acuden desde sus hogares en peregrinaci\u00f3n a la casa [&hellip;]<\/p>\n","protected":false},"author":1,"featured_media":0,"parent":1230,"menu_order":0,"comment_status":"closed","ping_status":"closed","template":"","meta":{"footnotes":""},"class_list":["post-1253","page","type-page","status-publish","hentry"],"_links":{"self":[{"href":"https:\/\/www.novotur.com\/index.php?rest_route=\/wp\/v2\/pages\/1253"}],"collection":[{"href":"https:\/\/www.novotur.com\/index.php?rest_route=\/wp\/v2\/pages"}],"about":[{"href":"https:\/\/www.novotur.com\/index.php?rest_route=\/wp\/v2\/types\/page"}],"author":[{"embeddable":true,"href":"https:\/\/www.novotur.com\/index.php?rest_route=\/wp\/v2\/users\/1"}],"replies":[{"embeddable":true,"href":"https:\/\/www.novotur.com\/index.php?rest_route=%2Fwp%2Fv2%2Fcomments&post=1253"}],"version-history":[{"count":2,"href":"https:\/\/www.novotur.com\/index.php?rest_route=\/wp\/v2\/pages\/1253\/revisions"}],"predecessor-version":[{"id":1336,"href":"https:\/\/www.novotur.com\/index.php?rest_route=\/wp\/v2\/pages\/1253\/revisions\/1336"}],"up":[{"embeddable":true,"href":"https:\/\/www.novotur.com\/index.php?rest_route=\/wp\/v2\/pages\/1230"}],"wp:attachment":[{"href":"https:\/\/www.novotur.com\/index.php?rest_route=%2Fwp%2Fv2%2Fmedia&parent=1253"}],"curies":[{"name":"wp","href":"https:\/\/api.w.org\/{rel}","templated":true}]}}