{"id":1251,"date":"2015-01-07T12:54:00","date_gmt":"2015-01-07T11:54:00","guid":{"rendered":"http:\/\/www.novotur.com\/?page_id=1251"},"modified":"2015-01-25T16:40:07","modified_gmt":"2015-01-25T15:40:07","slug":"media-jornada-eunate-estella-y-visita-a-bodega","status":"publish","type":"page","link":"https:\/\/www.novotur.com\/?page_id=1251","title":{"rendered":"Media jornada Eunate, Puente la Reina y visita a bodega"},"content":{"rendered":"<div id=\"attachment_1348\" style=\"width: 248px\" class=\"wp-caption alignleft\"><a href=\"http:\/\/www.novotur.com\/wp-content\/uploads\/eunate.jpg\"><img loading=\"lazy\" decoding=\"async\" aria-describedby=\"caption-attachment-1348\" class=\" wp-image-1348\" src=\"http:\/\/www.novotur.com\/wp-content\/uploads\/eunate-300x225.jpg\" alt=\"Iglesia de Santa Maria de Eunate\" width=\"238\" height=\"178\" srcset=\"https:\/\/www.novotur.com\/wp-content\/uploads\/eunate-300x225.jpg 300w, https:\/\/www.novotur.com\/wp-content\/uploads\/eunate.jpg 979w\" sizes=\"(max-width: 238px) 100vw, 238px\" \/><\/a><p id=\"caption-attachment-1348\" class=\"wp-caption-text\"><span style=\"font-size: 10pt;\">Iglesia de Santa Maria de Eunate<\/span><\/p><\/div>\n<p style=\"text-align: justify;\"><span style=\"font-size: 10pt;\">Salida a la hora indicada<\/span><\/p>\n<p style=\"text-align: justify;\"><span style=\"font-size: 10pt;\">Siguiendo el camino de Santiago, por la autov\u00eda del camino, paralelos a los peregrinos que est\u00e1n realizando su etapa, nos dirigiremos hacia la ermita de Santa Mar\u00eda de Eunate.<\/span><\/p>\n<p style=\"text-align: justify;\"><span style=\"font-size: 10pt;\">Situada en el mismo centro geogr\u00e1fico de Navarra, encontramos en medio de la nada esta singular iglesia, singular por su arquitectura y singular tambi\u00e9n por su historia.<\/span><\/p>\n<p style=\"text-align: justify;\"><span style=\"font-size: 10pt;\">De construcci\u00f3n rom\u00e1nica, poco sabemos de sus or\u00edgenes, construida en el siglo XII, unos la relacionan con los templarios, otros con las energ\u00edas tel\u00faricas, aunque lo \u00fanico cierto es que se encuentra en el camino de Santiago Aragon\u00e9s, y que pose\u00eda una linterna de muertos, encargada de indicar el camino a los peregrinos perdidos en la noche.<\/span><\/p>\n<p style=\"text-align: justify;\"><span style=\"font-size: 10pt;\">Tras nuestra visita a Eunate, continuamos en el Camino, ya que llegaremos a la ciudad de Puente La Reina, nacida por y para el peregrino, es por excelencia lo que denominamos una ciudad camino, nace alrededor de una calle central, su actual calle Mayor, por la que a lo largo de los siglos han caminado miles de peregrinos llegados de todo el mundo.<\/span><\/p>\n<div id=\"attachment_1061\" style=\"width: 252px\" class=\"wp-caption alignright\"><a href=\"http:\/\/www.novotur.com\/wp-content\/uploads\/2013\/06\/puentelareina-960x332.jpg\"><img loading=\"lazy\" decoding=\"async\" aria-describedby=\"caption-attachment-1061\" class=\" wp-image-1061\" src=\"http:\/\/www.novotur.com\/wp-content\/uploads\/2013\/06\/puentelareina-960x332-300x103.jpg\" alt=\"novotur.com\" width=\"242\" height=\"83\" srcset=\"https:\/\/www.novotur.com\/wp-content\/uploads\/2013\/06\/puentelareina-960x332-300x103.jpg 300w, https:\/\/www.novotur.com\/wp-content\/uploads\/2013\/06\/puentelareina-960x332.jpg 960w\" sizes=\"(max-width: 242px) 100vw, 242px\" \/><\/a><p id=\"caption-attachment-1061\" class=\"wp-caption-text\">Puente la Reina guia novotur<\/p><\/div>\n<p style=\"text-align: justify;\"><span style=\"font-size: 10pt;\">Puente la reina, es una de las principales etapas en el Camino de Santiago, ya que es aqu\u00ed donde se unen el Camino de Santiago Franc\u00e9s, el que comienza en Roncesvalles y el Camino de Santiago Aragon\u00e9s, que entra en Navarra por el Monasterio de San Salvador de Leyre.<\/span><\/p>\n<p style=\"text-align: justify;\"><span style=\"font-size: 10pt;\">Recorreremos su calle Mayor, visitaremos las iglesias del Crucifijo, y por supuesto la Iglesia de Santiago, donde encontraremos la imagen del Santiago Beltza de Puente La Reina, y por supuesto, al igual que lo peregrinos han hecho a lo largo de los siglos, cruzaremos el rio Arga atravesando el puente que da nombre a la ciudad.<\/span><\/p>\n<p style=\"text-align: justify;\"><span style=\"font-size: 10pt;\">Tras solazar nuestro esp\u00edritu, recorriendo estos lugares centenarios, acudiremos a solazar nuestro cuerpo, visitando una de las Bodegas m\u00e1s importantes de nuestra comunidad.<\/span><\/p>\n<div id=\"attachment_1086\" style=\"width: 235px\" class=\"wp-caption alignleft\"><a href=\"http:\/\/www.novotur.com\/wp-content\/uploads\/2013\/11\/Otazu_Bodegas_Cultur_6016_Tryon.jpg\"><img loading=\"lazy\" decoding=\"async\" aria-describedby=\"caption-attachment-1086\" class=\"wp-image-1086\" src=\"http:\/\/www.novotur.com\/wp-content\/uploads\/2013\/11\/Otazu_Bodegas_Cultur_6016_Tryon-300x200.jpg\" alt=\"Otazu_Bodegas_Cultur_6016_Tryon\" width=\"225\" height=\"150\" srcset=\"https:\/\/www.novotur.com\/wp-content\/uploads\/2013\/11\/Otazu_Bodegas_Cultur_6016_Tryon-300x200.jpg 300w, https:\/\/www.novotur.com\/wp-content\/uploads\/2013\/11\/Otazu_Bodegas_Cultur_6016_Tryon-462x306.jpg 462w, https:\/\/www.novotur.com\/wp-content\/uploads\/2013\/11\/Otazu_Bodegas_Cultur_6016_Tryon-140x94.jpg 140w, https:\/\/www.novotur.com\/wp-content\/uploads\/2013\/11\/Otazu_Bodegas_Cultur_6016_Tryon.jpg 700w\" sizes=\"(max-width: 225px) 100vw, 225px\" \/><\/a><p id=\"caption-attachment-1086\" class=\"wp-caption-text\">Bodegas Otazu<\/p><\/div>\n<p style=\"text-align: justify;\"><span style=\"font-size: 10pt;\">En bodegas Otazu, descubriremos como la tradici\u00f3n no est\u00e1 re\u00f1ida con la modernidad, aqu\u00ed, donde desde el siglo\u00a0 XIV se han elaborado vinos dignos de un rey como Carlos III el noble, han sabido conjugar la sobriedad y la tradici\u00f3n con la modernidad, y que hoy en d\u00eda acoge la sala de barricas m\u00e1s grande de Europa.<\/span><\/p>\n<p style=\"text-align: justify;\"><span style=\"font-size: 10pt;\">Tras la visita a la bodega, podremos degustar sus caldos y sentirnos como aut\u00e9nticos reyes en este paraje de ensue\u00f1o.<\/span><\/p>\n<p style=\"text-align: justify;\"><span style=\"font-size: 10pt;\">Regreso al punto de origen<\/span><\/p>\n<p style=\"text-align: justify;\"><span style=\"font-size: 10pt;\">Para mas informacion dirijase a francisco@novotur.com<\/span><\/p>\n","protected":false},"excerpt":{"rendered":"<p>Salida a la hora indicada Siguiendo el camino de Santiago, por la autov\u00eda del camino, paralelos a los peregrinos que est\u00e1n realizando su etapa, nos dirigiremos hacia la ermita de Santa Mar\u00eda de Eunate. Situada en el mismo centro geogr\u00e1fico de Navarra, encontramos en medio de la nada esta singular iglesia, singular por su arquitectura [&hellip;]<\/p>\n","protected":false},"author":1,"featured_media":0,"parent":1230,"menu_order":0,"comment_status":"closed","ping_status":"closed","template":"","meta":{"footnotes":""},"class_list":["post-1251","page","type-page","status-publish","hentry"],"_links":{"self":[{"href":"https:\/\/www.novotur.com\/index.php?rest_route=\/wp\/v2\/pages\/1251"}],"collection":[{"href":"https:\/\/www.novotur.com\/index.php?rest_route=\/wp\/v2\/pages"}],"about":[{"href":"https:\/\/www.novotur.com\/index.php?rest_route=\/wp\/v2\/types\/page"}],"author":[{"embeddable":true,"href":"https:\/\/www.novotur.com\/index.php?rest_route=\/wp\/v2\/users\/1"}],"replies":[{"embeddable":true,"href":"https:\/\/www.novotur.com\/index.php?rest_route=%2Fwp%2Fv2%2Fcomments&post=1251"}],"version-history":[{"count":8,"href":"https:\/\/www.novotur.com\/index.php?rest_route=\/wp\/v2\/pages\/1251\/revisions"}],"predecessor-version":[{"id":1364,"href":"https:\/\/www.novotur.com\/index.php?rest_route=\/wp\/v2\/pages\/1251\/revisions\/1364"}],"up":[{"embeddable":true,"href":"https:\/\/www.novotur.com\/index.php?rest_route=\/wp\/v2\/pages\/1230"}],"wp:attachment":[{"href":"https:\/\/www.novotur.com\/index.php?rest_route=%2Fwp%2Fv2%2Fmedia&parent=1251"}],"curies":[{"name":"wp","href":"https:\/\/api.w.org\/{rel}","templated":true}]}}