{"id":1249,"date":"2015-01-07T12:53:06","date_gmt":"2015-01-07T11:53:06","guid":{"rendered":"http:\/\/www.novotur.com\/?page_id=1249"},"modified":"2015-01-20T03:51:19","modified_gmt":"2015-01-20T02:51:19","slug":"valles-pirenaicos","status":"publish","type":"page","link":"https:\/\/www.novotur.com\/?page_id=1249","title":{"rendered":"Valles Pirenaicos"},"content":{"rendered":"<p style=\"text-align: justify;\">Salida a la hora convenida para dirigirnos hacia el norte de Navarra.<\/p>\n<p style=\"text-align: justify;\">En ruta, gracias a las indicaciones de nuestro gu\u00eda, descubriremos los cambios en el paisaje y en la vegetaci\u00f3n en nuestro camino hacia los Pirineos, atravesaremos peque\u00f1os pueblos, campos de cultivo, r\u00edos y monta\u00f1as.<\/p>\n<p style=\"text-align: justify;\">Nuestra primera parada, ser\u00e1 sobre la Foz de Arbayun, unos de los parajes navarros m\u00e1s espectaculares, y descubriremos la labor realizada por el Rio Salazar a lo largo de miles de a\u00f1os, durante los cuales ha ido erosionando la roca caliza hasta dar lugar a este incre\u00edble paisaje, y conoceremos como afectaba a la vida de los habitantes de principios del Siglo XX, en el desempe\u00f1o de sus oficios, oficios hoy olvidados.<\/p>\n<p style=\"text-align: justify;\">Accederemos al Valle de Salazar desde el sur, y recorreremos sus 15 pueblos, descubriremos la arquitectura civil t\u00edpica del pirineo, y conoceremos lo poco que ha cambiado la forma de vida de estas peque\u00f1as localidades a lo largo de los siglos.<\/p>\n<p style=\"text-align: justify;\">Llegaremos al norte del Valle, a la localidad de Ochagavia, una de las localidades m\u00e1s bellas de Navarra, en el que el tiempo parece que se ha quedado anclado, acompa\u00f1ados del gu\u00eda, recorremos sus empedradas calles, pasearemos entre su pintoresco caser\u00edo, y conoceremos las ocho casas palacio que sobrevivieron al incendio de 1794.<\/p>\n<p style=\"text-align: justify;\">Conoceremos su joya m\u00e1s preciada, el Santuario de Nuestra Se\u00f1ora de Muskilda, una peque\u00f1a ermita rom\u00e1ntica del siglo XII, que desde su privilegiada localizaci\u00f3n, vela por la vida de este peque\u00f1o Pueblo.<\/p>\n<p style=\"text-align: justify;\">Comida en Restaurante Local<\/p>\n<p style=\"text-align: justify;\">Nuestra ruta nos llevara hacia el valle m\u00e1s oriental del Pirineo Navarro, y tambi\u00e9n el abrupto y monta\u00f1oso, el Valle de Roncal, donde descubriremos sus dos elementos m\u00e1s famosos, el queso de Roncal y el tenor Juli\u00e1n Gayarre.<\/p>\n<p style=\"text-align: justify;\">Sorteando los bosques de hayas, entraremos en el valle de Roncal atravesando el peque\u00f1o pueblo de Uztarroz, y continuaremos hacia localidades como Isaba, Urzainqui , Roncal y Burgui.<\/p>\n<p style=\"text-align: justify;\">En el Valle de Roncal, lugar en el que naci\u00f3 Juli\u00e1n Gayarre, visitaremos el mausoleo dedicado a este gran tenor que est\u00e1 situado en el peque\u00f1o cementerio de la localidad.<\/p>\n<p style=\"text-align: justify;\">Continuaremos nuestro camino hasta llegar a Burgui, el pueblo de los antiguos oficios, aqu\u00ed, visitaremos una queser\u00eda, que a lo largo de los a\u00f1os ha elaborado el queso de Roncal siguiendo la tradici\u00f3n y las normas de la denominaci\u00f3n de origen, conoceremos la historia del Valle y de sus habitantes, y descubriremos como han trabajado durante a\u00f1os para conservas sus tradiciones.<\/p>\n<p style=\"text-align: justify;\">Regreso a Pamplona<\/p>\n<p style=\"text-align: justify;\">Para mas informacion dirijase a francisco@novotur.com<\/p>\n","protected":false},"excerpt":{"rendered":"<p>Salida a la hora convenida para dirigirnos hacia el norte de Navarra. En ruta, gracias a las indicaciones de nuestro gu\u00eda, descubriremos los cambios en el paisaje y en la vegetaci\u00f3n en nuestro camino hacia los Pirineos, atravesaremos peque\u00f1os pueblos, campos de cultivo, r\u00edos y monta\u00f1as. Nuestra primera parada, ser\u00e1 sobre la Foz de Arbayun, [&hellip;]<\/p>\n","protected":false},"author":1,"featured_media":0,"parent":1230,"menu_order":0,"comment_status":"closed","ping_status":"closed","template":"","meta":{"footnotes":""},"class_list":["post-1249","page","type-page","status-publish","hentry"],"_links":{"self":[{"href":"https:\/\/www.novotur.com\/index.php?rest_route=\/wp\/v2\/pages\/1249"}],"collection":[{"href":"https:\/\/www.novotur.com\/index.php?rest_route=\/wp\/v2\/pages"}],"about":[{"href":"https:\/\/www.novotur.com\/index.php?rest_route=\/wp\/v2\/types\/page"}],"author":[{"embeddable":true,"href":"https:\/\/www.novotur.com\/index.php?rest_route=\/wp\/v2\/users\/1"}],"replies":[{"embeddable":true,"href":"https:\/\/www.novotur.com\/index.php?rest_route=%2Fwp%2Fv2%2Fcomments&post=1249"}],"version-history":[{"count":2,"href":"https:\/\/www.novotur.com\/index.php?rest_route=\/wp\/v2\/pages\/1249\/revisions"}],"predecessor-version":[{"id":1343,"href":"https:\/\/www.novotur.com\/index.php?rest_route=\/wp\/v2\/pages\/1249\/revisions\/1343"}],"up":[{"embeddable":true,"href":"https:\/\/www.novotur.com\/index.php?rest_route=\/wp\/v2\/pages\/1230"}],"wp:attachment":[{"href":"https:\/\/www.novotur.com\/index.php?rest_route=%2Fwp%2Fv2%2Fmedia&parent=1249"}],"curies":[{"name":"wp","href":"https:\/\/api.w.org\/{rel}","templated":true}]}}