{"id":1247,"date":"2015-01-07T12:52:23","date_gmt":"2015-01-07T11:52:23","guid":{"rendered":"http:\/\/www.novotur.com\/?page_id=1247"},"modified":"2015-01-25T13:54:09","modified_gmt":"2015-01-25T12:54:09","slug":"valle-de-baztan","status":"publish","type":"page","link":"https:\/\/www.novotur.com\/?page_id=1247","title":{"rendered":"Valle de Baztan &#8211; Zugarramurdi"},"content":{"rendered":"<p style=\"text-align: justify;\">Salida desde Pamplona en direcci\u00f3n al Valle de Baztan.<\/p>\n<p style=\"text-align: justify;\">En nuestro recorrido hasta llegar a nuestra primera parada, recorreremos algunos de los valles m\u00e1s hermosos de nuestra comunidad, como es el Valle de la Ultzama, valle conocido como la Suiza Navarra, y cuna de algunas de nuestros tradiciones gastron\u00f3micas m\u00e1s conocidas, como la cuajada.<\/p>\n<p style=\"text-align: justify;\">Desde el autocar, disfrutaremos de una panor\u00e1mica del paisaje Navarro, observaremos como este va cambiando seg\u00fan vamos avanzando hacia el norte, iremos dejando atr\u00e1s la ciudad, y nos adentraremos en los verdes valles del norte, cambiaremos las edificaciones por verdes prados donde pastan el ganado, vacas, ovejas latxas, caballos\u2026., y como van apareciendo en la carretera peque\u00f1os pueblos de monta\u00f1a, rodeados por los Caser\u00edos o Baserris, descubriremos un paisaje de ensue\u00f1o.<\/p>\n<p style=\"text-align: justify;\">Nuestra primera parada es en la peque\u00f1a localidad de Zugarramurdi, situada en el extremo norte de la comunidad, a solo unos pocos km de la frontera con Francia.<\/p>\n<p style=\"text-align: justify;\">Zugarramurdi, una peque\u00f1a localidad de apenas 200 habitantes, es conocida por ser hogar de brujas, visitaremos las famosas cuevas donde las Sorginak se reun\u00edan para celebrar sus aquelarres.<\/p>\n<p style=\"text-align: justify;\">Conoceremos la verdadera historia de este peque\u00f1o pueblo, de sus brujas, y los hechos acaecidos durante el siglo XVII.<\/p>\n<p style=\"text-align: justify;\">Tras nuestra visita a las Cuevas de Zugarramurdi, nos dirigiremos hacia Elizondo, capital del valle de Baztan, donde a trav\u00e9s de sus calles, plazas, y como no, el rio Baztan, descubriremos su historia y evoluci\u00f3n,\u00a0 calles y plazas que inspiraron a Dolores Redondo, en su afamada Trilog\u00eda del Baztan.<\/p>\n<p style=\"text-align: justify;\">Comida en Elizondo<\/p>\n<p style=\"text-align: justify;\">Tras degustar una comida t\u00edpica del norte de Navarra, continuaremos nuestra excursi\u00f3n dirigi\u00e9ndonos hacia el Se\u00f1or\u00edo de Bertiz.<\/p>\n<p style=\"text-align: justify;\">El Se\u00f1or\u00edo de Bertiz, es un parque natural, que cuenta con 2040 hect\u00e1reas de bosque a orillas del Rio Bidasoa, bosque que gracias a sus antiguos propietarios est\u00e1 protegido de toda injerencia humana.<\/p>\n<p style=\"text-align: justify;\">Nosotros durante nuestra visita descubriremos los secretos del jard\u00edn que sus \u00faltimos habitantes,\u00a0 Don Pedro Ciga y su Esposa Do\u00f1a Dorotea crearon desde el peque\u00f1o Jard\u00edn Zaharra que exist\u00eda.<\/p>\n<p style=\"text-align: justify;\">Adem\u00e1s de recorrer el jard\u00edn, conoceremos la historia del Se\u00f1or\u00edo, y a trav\u00e9s de ella, la historia de esta comarca y de sus habitantes.<\/p>\n<p style=\"text-align: justify;\">Regreso a Pamplona<\/p>\n<p style=\"text-align: justify;\">Para mas informacion dirijase a francisco@novotur.com<\/p>\n","protected":false},"excerpt":{"rendered":"<p>Salida desde Pamplona en direcci\u00f3n al Valle de Baztan. En nuestro recorrido hasta llegar a nuestra primera parada, recorreremos algunos de los valles m\u00e1s hermosos de nuestra comunidad, como es el Valle de la Ultzama, valle conocido como la Suiza Navarra, y cuna de algunas de nuestros tradiciones gastron\u00f3micas m\u00e1s conocidas, como la cuajada. Desde [&hellip;]<\/p>\n","protected":false},"author":1,"featured_media":0,"parent":1230,"menu_order":0,"comment_status":"closed","ping_status":"closed","template":"","meta":{"footnotes":""},"class_list":["post-1247","page","type-page","status-publish","hentry"],"_links":{"self":[{"href":"https:\/\/www.novotur.com\/index.php?rest_route=\/wp\/v2\/pages\/1247"}],"collection":[{"href":"https:\/\/www.novotur.com\/index.php?rest_route=\/wp\/v2\/pages"}],"about":[{"href":"https:\/\/www.novotur.com\/index.php?rest_route=\/wp\/v2\/types\/page"}],"author":[{"embeddable":true,"href":"https:\/\/www.novotur.com\/index.php?rest_route=\/wp\/v2\/users\/1"}],"replies":[{"embeddable":true,"href":"https:\/\/www.novotur.com\/index.php?rest_route=%2Fwp%2Fv2%2Fcomments&post=1247"}],"version-history":[{"count":3,"href":"https:\/\/www.novotur.com\/index.php?rest_route=\/wp\/v2\/pages\/1247\/revisions"}],"predecessor-version":[{"id":1346,"href":"https:\/\/www.novotur.com\/index.php?rest_route=\/wp\/v2\/pages\/1247\/revisions\/1346"}],"up":[{"embeddable":true,"href":"https:\/\/www.novotur.com\/index.php?rest_route=\/wp\/v2\/pages\/1230"}],"wp:attachment":[{"href":"https:\/\/www.novotur.com\/index.php?rest_route=%2Fwp%2Fv2%2Fmedia&parent=1247"}],"curies":[{"name":"wp","href":"https:\/\/api.w.org\/{rel}","templated":true}]}}