{"id":1245,"date":"2015-01-07T12:51:57","date_gmt":"2015-01-07T11:51:57","guid":{"rendered":"http:\/\/www.novotur.com\/?page_id=1245"},"modified":"2015-01-20T03:50:10","modified_gmt":"2015-01-20T02:50:10","slug":"selva-de-irati","status":"publish","type":"page","link":"https:\/\/www.novotur.com\/?page_id=1245","title":{"rendered":"Selva de Irati"},"content":{"rendered":"<p style=\"text-align: justify;\">Salida a la hora convenida para dirigirnos hacia el norte de Navarra.<\/p>\n<p style=\"text-align: justify;\">En ruta, gracias a las indicaciones de nuestro gu\u00eda, descubriremos los cambios en el paisaje y en la vegetaci\u00f3n en nuestro camino hacia los Pirineos, atravesaremos peque\u00f1os pueblos, campos de cultivo, r\u00edos y monta\u00f1as.<\/p>\n<p style=\"text-align: justify;\">Dejando a mano Izquierda el pueblo de Ochagavia, nos adentraremos en una sinuosa carretera que nos acercara hasta la Selva del Irati, el segundo hayedo m\u00e1s grande de Europa despu\u00e9s de la Selva Negra.<\/p>\n<p style=\"text-align: justify;\">Atravesaremos los verdes pastos de la Sierra de Abodi, donde ovejas, caballos y vacas comparte espacio y disfrutan de la hierba fresca que brota cada primavera cuando se retira la nieve y el hielo.<\/p>\n<p style=\"text-align: justify;\">La Selva de Irati tiene una extensi\u00f3n de 21.000 hect\u00e1reas, distribuidas entre los Valles de Aezkoa, Salazar y una parte en Francia, en el t\u00e9rmino conocido como Irati Soroa.<\/p>\n<p style=\"text-align: justify;\">Accederemos a la Selva, desde el lado salacenco, la carretera nos dejara a los pies de la Ermita de Nuestra Se\u00f1ora de las Nieves, en Euskera, \u201cElurrako Ama\u201d, construida en el a\u00f1o 1954.<\/p>\n<p style=\"text-align: justify;\">Entre el hayedo, encontraremos otras especies arb\u00f3reas, como los abetos, tejos, avellanos, servales, etc\u2026..<\/p>\n<p style=\"text-align: justify;\">Durante nuestra visita a la selva, acompa\u00f1ados de nuestro gu\u00eda, realizaremos un paseo entre las hayas, y si lo hacemos en silencia, quiz\u00e1s tengamos la suerte de toparnos con alguno de sus habitantes, ciervos, corzos, ardillas, o incluso alg\u00fan que otro jabal\u00ed, aunque hay que decir que los animales, durante los d\u00edas de afluencia de visitantes, huyen a la parte m\u00e1s profunda del bosque.<\/p>\n<p style=\"text-align: justify;\">El bosque de Irati, se ha conservado hasta nuestros d\u00edas, por el buen hacer de los Salacencos, que durante siglos han explotado de una manera muy estudiada la madera del bosque, madera que seg\u00fan sabemos, formo parte de algunos de los buques de la desaparecida Armada Invisible.<\/p>\n<p style=\"text-align: justify;\">Tras nuestro paseo, podremos comer en el restaurante de las antiguas Casas de Irati, antiguas casas en las que Vivian los guardas forestales y sus familias hasta los a\u00f1os 80.<\/p>\n<p style=\"text-align: justify;\">Por la tarde, tras regresar desde Irati, Ochagavia, una de las localidades m\u00e1s bellas de Navarra, en la que el tiempo parece que se ha quedado anclado, acompa\u00f1ados del gu\u00eda, recorremos sus empedradas calles, pasearemos entre su pintoresco caser\u00edo, y conoceremos las ocho casas palacio que sobrevivieron al incendio de 1794.<\/p>\n<p style=\"text-align: justify;\">Conoceremos c\u00f3mo sus habitantes a lo largo de los siglos, han ido adapt\u00e1ndose a las nuevas<\/p>\n<p style=\"text-align: justify;\">Regreso a Pamplona<\/p>\n<p style=\"text-align: justify;\">Para mas informacion dirijase a francisco@novotur.com<\/p>\n","protected":false},"excerpt":{"rendered":"<p>Salida a la hora convenida para dirigirnos hacia el norte de Navarra. En ruta, gracias a las indicaciones de nuestro gu\u00eda, descubriremos los cambios en el paisaje y en la vegetaci\u00f3n en nuestro camino hacia los Pirineos, atravesaremos peque\u00f1os pueblos, campos de cultivo, r\u00edos y monta\u00f1as. Dejando a mano Izquierda el pueblo de Ochagavia, nos [&hellip;]<\/p>\n","protected":false},"author":1,"featured_media":0,"parent":1230,"menu_order":0,"comment_status":"closed","ping_status":"closed","template":"","meta":{"footnotes":""},"class_list":["post-1245","page","type-page","status-publish","hentry"],"_links":{"self":[{"href":"https:\/\/www.novotur.com\/index.php?rest_route=\/wp\/v2\/pages\/1245"}],"collection":[{"href":"https:\/\/www.novotur.com\/index.php?rest_route=\/wp\/v2\/pages"}],"about":[{"href":"https:\/\/www.novotur.com\/index.php?rest_route=\/wp\/v2\/types\/page"}],"author":[{"embeddable":true,"href":"https:\/\/www.novotur.com\/index.php?rest_route=\/wp\/v2\/users\/1"}],"replies":[{"embeddable":true,"href":"https:\/\/www.novotur.com\/index.php?rest_route=%2Fwp%2Fv2%2Fcomments&post=1245"}],"version-history":[{"count":2,"href":"https:\/\/www.novotur.com\/index.php?rest_route=\/wp\/v2\/pages\/1245\/revisions"}],"predecessor-version":[{"id":1341,"href":"https:\/\/www.novotur.com\/index.php?rest_route=\/wp\/v2\/pages\/1245\/revisions\/1341"}],"up":[{"embeddable":true,"href":"https:\/\/www.novotur.com\/index.php?rest_route=\/wp\/v2\/pages\/1230"}],"wp:attachment":[{"href":"https:\/\/www.novotur.com\/index.php?rest_route=%2Fwp%2Fv2%2Fmedia&parent=1245"}],"curies":[{"name":"wp","href":"https:\/\/api.w.org\/{rel}","templated":true}]}}