{"id":1243,"date":"2015-01-07T12:51:40","date_gmt":"2015-01-07T11:51:40","guid":{"rendered":"http:\/\/www.novotur.com\/?page_id=1243"},"modified":"2015-01-20T03:49:37","modified_gmt":"2015-01-20T02:49:37","slug":"san-juan-de-pied-de-puerto-roncesvalles","status":"publish","type":"page","link":"https:\/\/www.novotur.com\/?page_id=1243","title":{"rendered":"San Juan de Pied de Puerto &#8211; Roncesvalles"},"content":{"rendered":"<p style=\"text-align: justify;\">Salida a la hora convenida para dirigirnos hacia este peque\u00f1o pero importante enclave en el norte de Navarra.<\/p>\n<p style=\"text-align: justify;\">Recorriendo el Camino de Santiago a la inversa, nos dirigimos al norte de la comunidad, en direcci\u00f3n a los Pirineos, nuestra primera parada, ser\u00e1 el Alto de Iba\u00f1eta, un enclave situado a 1.050 m sobre el nivel del mar, y desde donde podremos disfrutar de una espectacular vista del collado de Iba\u00f1eta, lugar, donde seg\u00fan el Cantar de Roldan, tuvo lugar la famosa batalla de Roncesvales, batalla en la muri\u00f3 Roldan, sobrino de Carlo Magno.<\/p>\n<p style=\"text-align: justify;\">Continuaremos nuestra ruta en direcci\u00f3n a Francia, para visitar la bella localidad de San Juan de Pie de Puerto, localidad francesa situada a dos kil\u00f3metros de la frontera, y que en otra \u00e9poca, fue la capital de la sexta merindad de Navarra.<\/p>\n<p style=\"text-align: justify;\">Localidad con clara vocaci\u00f3n comercial, fortificada, y lugar en el que se unen tres de los cuatro ramales del camino de Santiago en Francia.<\/p>\n<p style=\"text-align: justify;\">Recorreremos sus calles, sus murallas, y sus puentes sobre el rio Nive, visitaremos su ciudadela y su Iglesia.<\/p>\n<p style=\"text-align: justify;\">Tras la visita, regreso a Roncesvalles para la comida en Restaurante Local<\/p>\n<p style=\"text-align: justify;\">Roncesvalles probablemente se trata del lugar navarra que m\u00e1s historia atesora, fundada sobre cuatro pilares fundamentales, El Camino de Santiago, La Batalla de Roncesvalles, La Virgen de Roncesvalles y Sancho VII El Fuerte.<\/p>\n<p style=\"text-align: justify;\">Roncesvalles, importante centro mariano en Navarra, Nuestra se\u00f1ora de Roncesvalles, despierta una gran devoci\u00f3n a ambos lados de los Pirineos, cada mes de mayo, acuden en peregrinaje a Roncesvalles los valles pirenaicos de ambos lados la frontera, su casa, la Iglesia de Roncesvalles, es una peque\u00f1a joya art\u00edstica, construida por maestros franceses, siguiendo el estilo de Notre Damme de Paris.<\/p>\n<p style=\"text-align: justify;\">Pero la raz\u00f3n por la que Roncesvalles es conocido es por ser el punto de inicio del Camino de Santiago Franc\u00e9s, cada a\u00f1o comienzan aqu\u00ed su peregrinaje miles de peregrinos venidos de todo el mundo, para comenzar su viaje hasta la tumba del Apostos Santiago.<\/p>\n<p style=\"text-align: justify;\">Durante nuestra visita a este enclave, recorreremos acompa\u00f1ados por un experto los principales monumentos de Roncesvalles y nos adentraremos en la historia desde el siglo VIII hasta nuestros d\u00edas.<\/p>\n<p style=\"text-align: justify;\">Regreso a Pamplona<\/p>\n<p style=\"text-align: justify;\">Para mas informacion dirijase a francisco@novotur.com<\/p>\n","protected":false},"excerpt":{"rendered":"<p>Salida a la hora convenida para dirigirnos hacia este peque\u00f1o pero importante enclave en el norte de Navarra. Recorriendo el Camino de Santiago a la inversa, nos dirigimos al norte de la comunidad, en direcci\u00f3n a los Pirineos, nuestra primera parada, ser\u00e1 el Alto de Iba\u00f1eta, un enclave situado a 1.050 m sobre el nivel [&hellip;]<\/p>\n","protected":false},"author":1,"featured_media":0,"parent":1230,"menu_order":0,"comment_status":"closed","ping_status":"closed","template":"","meta":{"footnotes":""},"class_list":["post-1243","page","type-page","status-publish","hentry"],"_links":{"self":[{"href":"https:\/\/www.novotur.com\/index.php?rest_route=\/wp\/v2\/pages\/1243"}],"collection":[{"href":"https:\/\/www.novotur.com\/index.php?rest_route=\/wp\/v2\/pages"}],"about":[{"href":"https:\/\/www.novotur.com\/index.php?rest_route=\/wp\/v2\/types\/page"}],"author":[{"embeddable":true,"href":"https:\/\/www.novotur.com\/index.php?rest_route=\/wp\/v2\/users\/1"}],"replies":[{"embeddable":true,"href":"https:\/\/www.novotur.com\/index.php?rest_route=%2Fwp%2Fv2%2Fcomments&post=1243"}],"version-history":[{"count":2,"href":"https:\/\/www.novotur.com\/index.php?rest_route=\/wp\/v2\/pages\/1243\/revisions"}],"predecessor-version":[{"id":1340,"href":"https:\/\/www.novotur.com\/index.php?rest_route=\/wp\/v2\/pages\/1243\/revisions\/1340"}],"up":[{"embeddable":true,"href":"https:\/\/www.novotur.com\/index.php?rest_route=\/wp\/v2\/pages\/1230"}],"wp:attachment":[{"href":"https:\/\/www.novotur.com\/index.php?rest_route=%2Fwp%2Fv2%2Fmedia&parent=1243"}],"curies":[{"name":"wp","href":"https:\/\/api.w.org\/{rel}","templated":true}]}}