{"id":1239,"date":"2015-01-07T12:50:12","date_gmt":"2015-01-07T11:50:12","guid":{"rendered":"http:\/\/www.novotur.com\/?page_id=1239"},"modified":"2015-01-20T03:41:11","modified_gmt":"2015-01-20T02:41:11","slug":"javier-leyre-olite","status":"publish","type":"page","link":"https:\/\/www.novotur.com\/?page_id=1239","title":{"rendered":"Javier &#8211; Leyre &#8211; Olite"},"content":{"rendered":"<p style=\"text-align: justify;\">Salida desde Pamplona, en direcci\u00f3n a la Casa Natal de nuestro Patr\u00f3n, San Francisco de Javier.<\/p>\n<p style=\"text-align: justify;\">Durante nuestro viaje en autocar, recorreremos la misma ruta que cada a\u00f1o recorren los peregrinos que acuden a Javier durante las peregrinaciones conocidas como las Javieradas.<\/p>\n<p style=\"text-align: justify;\">Cada a\u00f1o, los navarros acuden desde sus hogares en peregrinaci\u00f3n a la casa del santo, para pedirle ayuda o debido a promesas realizadas con anterioridad, conoceremos el porqu\u00e9 de esta peregrinaci\u00f3n.<\/p>\n<p style=\"text-align: justify;\">A nuestra llegada a Javier, visitaremos el Castillo de Javier, Casa natal de nuestro patr\u00f3n, recorreremos las estancias que vieron nacer y crecer a San Francisco de Javier, y conoceremos la historia de su vida.<\/p>\n<p style=\"text-align: justify;\">Tras la visita al Castillo, nos dirigiremos hacia el Monasterio de San Salvador de Leyre, uno de los lugares m\u00e1s importantes de nuestra comunidad.<\/p>\n<p style=\"text-align: justify;\">El Monasterio de Leyre, Sepulcro real de los primeros Reyes del Pamplona, acoge una de las joyas del rom\u00e1nico en Navarra, La cripta de Leyre.<\/p>\n<p style=\"text-align: justify;\">Durante nuestra visita, nos adentraremos en la historia de la construcci\u00f3n de la Cripta de Leyre, y conoceremos las leyendas que rodean a este monasterio, situado en la frontera del Reyno de Navarra, donde los monjes, adem\u00e1s de sus labores habituales, ejerc\u00edan tambi\u00e9n como defensores de los l\u00edmites del Reyno.<\/p>\n<p style=\"text-align: justify;\">Comida en Restaurante local.<\/p>\n<p style=\"text-align: justify;\">Nos dirigiremos hacia OIite, capital del Vino de Navarra, Sede real de la Corona de Navarra, donde visitaremos el magn\u00edfico Palacio Real de Olite, ejemplo \u00fanico de arquitectura civil gotica.<\/p>\n<p style=\"text-align: justify;\">El Palacio Real de Olite, construido por Carlos III el Noble, se convirti\u00f3 seg\u00fan palabras de un viajero alem\u00e1n del siglo XV, en el Palacio m\u00e1s lujoso de toda Europa.<\/p>\n<p style=\"text-align: justify;\">Recorreremos sus estancias, patios y jardines, podremos subir a sus torres y disfrutar de las magn\u00edficas vistas que nos ofrecen sobre la zona media de Navarra.<\/p>\n<p style=\"text-align: justify;\">Tras la visita al Palacio, dispondremos de algo de tiempo libre para recorrer las estrechas ruas medievales de la localidad de Olite, disfrutar con la portada g\u00f3tica de Santa Maria de Olite, y porque no degustar alguno de los buenos vinos elaborados en esta localidad.<\/p>\n<p style=\"text-align: justify;\">Para mas informacion dirijase a francisco@novotur.com<\/p>\n","protected":false},"excerpt":{"rendered":"<p>Salida desde Pamplona, en direcci\u00f3n a la Casa Natal de nuestro Patr\u00f3n, San Francisco de Javier. Durante nuestro viaje en autocar, recorreremos la misma ruta que cada a\u00f1o recorren los peregrinos que acuden a Javier durante las peregrinaciones conocidas como las Javieradas. Cada a\u00f1o, los navarros acuden desde sus hogares en peregrinaci\u00f3n a la casa [&hellip;]<\/p>\n","protected":false},"author":1,"featured_media":0,"parent":1230,"menu_order":0,"comment_status":"closed","ping_status":"closed","template":"","meta":{"footnotes":""},"class_list":["post-1239","page","type-page","status-publish","hentry"],"_links":{"self":[{"href":"https:\/\/www.novotur.com\/index.php?rest_route=\/wp\/v2\/pages\/1239"}],"collection":[{"href":"https:\/\/www.novotur.com\/index.php?rest_route=\/wp\/v2\/pages"}],"about":[{"href":"https:\/\/www.novotur.com\/index.php?rest_route=\/wp\/v2\/types\/page"}],"author":[{"embeddable":true,"href":"https:\/\/www.novotur.com\/index.php?rest_route=\/wp\/v2\/users\/1"}],"replies":[{"embeddable":true,"href":"https:\/\/www.novotur.com\/index.php?rest_route=%2Fwp%2Fv2%2Fcomments&post=1239"}],"version-history":[{"count":2,"href":"https:\/\/www.novotur.com\/index.php?rest_route=\/wp\/v2\/pages\/1239\/revisions"}],"predecessor-version":[{"id":1334,"href":"https:\/\/www.novotur.com\/index.php?rest_route=\/wp\/v2\/pages\/1239\/revisions\/1334"}],"up":[{"embeddable":true,"href":"https:\/\/www.novotur.com\/index.php?rest_route=\/wp\/v2\/pages\/1230"}],"wp:attachment":[{"href":"https:\/\/www.novotur.com\/index.php?rest_route=%2Fwp%2Fv2%2Fmedia&parent=1239"}],"curies":[{"name":"wp","href":"https:\/\/api.w.org\/{rel}","templated":true}]}}