{"id":1233,"date":"2015-01-07T12:46:36","date_gmt":"2015-01-07T11:46:36","guid":{"rendered":"http:\/\/www.novotur.com\/?page_id=1233"},"modified":"2015-01-25T12:51:08","modified_gmt":"2015-01-25T11:51:08","slug":"rioja","status":"publish","type":"page","link":"https:\/\/www.novotur.com\/?page_id=1233","title":{"rendered":"La Rioja"},"content":{"rendered":"<p style=\"text-align: justify;\">Si hablamos de La Rioja, lo primero que nos viene a la cabeza es el Vino, La Rioja cuenta con una de las denominaciones de origen m\u00e1s antiguas y conocidas del mundo.<\/p>\n<p style=\"text-align: justify;\">Estamos de acuerdo en que La Rioja es Vino, su color, su aroma y su sabor han convertido al Vino en algo m\u00e1s que una bebida, es historia, es cultura y sobre todo es compartir.<\/p>\n<p style=\"text-align: justify;\">Compartir una copa de vino con tus compa\u00f1eros de viaje tras descubrir la historia de esta peque\u00f1a gran comunidad, atravesada por la ruta milenaria del Camino de Santiago, La Rioja es Vino, pero es tambi\u00e9n mucho m\u00e1s.<\/p>\n","protected":false},"excerpt":{"rendered":"<p>Si hablamos de La Rioja, lo primero que nos viene a la cabeza es el Vino, La Rioja cuenta con una de las denominaciones de origen m\u00e1s antiguas y conocidas del mundo. Estamos de acuerdo en que La Rioja es Vino, su color, su aroma y su sabor han convertido al Vino en algo m\u00e1s [&hellip;]<\/p>\n","protected":false},"author":1,"featured_media":1312,"parent":1227,"menu_order":0,"comment_status":"closed","ping_status":"closed","template":"","meta":{"footnotes":""},"class_list":["post-1233","page","type-page","status-publish","has-post-thumbnail","hentry"],"_links":{"self":[{"href":"https:\/\/www.novotur.com\/index.php?rest_route=\/wp\/v2\/pages\/1233"}],"collection":[{"href":"https:\/\/www.novotur.com\/index.php?rest_route=\/wp\/v2\/pages"}],"about":[{"href":"https:\/\/www.novotur.com\/index.php?rest_route=\/wp\/v2\/types\/page"}],"author":[{"embeddable":true,"href":"https:\/\/www.novotur.com\/index.php?rest_route=\/wp\/v2\/users\/1"}],"replies":[{"embeddable":true,"href":"https:\/\/www.novotur.com\/index.php?rest_route=%2Fwp%2Fv2%2Fcomments&post=1233"}],"version-history":[{"count":4,"href":"https:\/\/www.novotur.com\/index.php?rest_route=\/wp\/v2\/pages\/1233\/revisions"}],"predecessor-version":[{"id":1321,"href":"https:\/\/www.novotur.com\/index.php?rest_route=\/wp\/v2\/pages\/1233\/revisions\/1321"}],"up":[{"embeddable":true,"href":"https:\/\/www.novotur.com\/index.php?rest_route=\/wp\/v2\/pages\/1227"}],"wp:featuredmedia":[{"embeddable":true,"href":"https:\/\/www.novotur.com\/index.php?rest_route=\/wp\/v2\/media\/1312"}],"wp:attachment":[{"href":"https:\/\/www.novotur.com\/index.php?rest_route=%2Fwp%2Fv2%2Fmedia&parent=1233"}],"curies":[{"name":"wp","href":"https:\/\/api.w.org\/{rel}","templated":true}]}}